{"id":119,"date":"2026-01-01T10:00:00","date_gmt":"2026-01-01T07:00:00","guid":{"rendered":""},"modified":"2026-04-05T11:32:02","modified_gmt":"2026-04-05T08:32:02","slug":"tr-sayfa-1","status":"publish","type":"page","link":"http:\/\/www.teaov.org\/ncw\/","title":{"rendered":"Tarih\u00e7e"},"content":{"rendered":"<div><strong>YARDIMLA\u015eMA VAKFI TAR\u0130H\u00c7ES\u0130<\/strong><\/div>\n<p>&nbsp;<\/p>\n<p class=\"\\\\&quot;western\\\\&quot;\">1) \u00d6\u011fretmenler Vakf\u0131, T\u00fcrk Ermeni Az\u0131nl\u0131k Okullar\u0131 \u00d6\u011fretmenleri Yard\u0131mla\u015fma Derne\u011fi\u2019nin a\u015fa\u011f\u0131da isimleri yaz\u0131l\u0131 1963 \u2013 65 ikinci d\u00f6nem y\u00f6netim kurulu \u00fcyelerinin gayretleriyle kurulmu\u015ftur.<\/p>\n<p class=\"\\\\&quot;western\\\\&quot;\">I.Ba\u015fkan : Dr. \u015eahnur \u015eAH\u0130NER<\/p>\n<p class=\"\\\\&quot;western\\\\&quot;\">II.Ba\u015fkan : Jozef MAKSUDO\u011eLU<\/p>\n<p class=\"\\\\&quot;western\\\\&quot;\">Sekreter : Hagop SIVASLIYAN<\/p>\n<p class=\"\\\\&quot;western\\\\&quot;\">II.Sekreter : Asd\u011fik ELMAS<\/p>\n<p class=\"\\\\&quot;western\\\\&quot;\">Veznedar : Hayguhi HIDIRYAN<\/p>\n<p class=\"\\\\&quot;western\\\\&quot;\">Muhasip : Bo\u011fos \u015eABOYAN<\/p>\n<p class=\"\\\\&quot;western\\\\&quot;\">\u00dcye : Av.Vahe SAAT\u00c7IYAN<\/p>\n<p class=\"\\\\&quot;western\\\\&quot;\">\u00dcye : Dr.Dandin AKSAY<\/p>\n<p class=\"\\\\&quot;western\\\\&quot;\">\u00dcye : Garabet C\u0130LACI<\/p>\n<p class=\"\\\\&quot;western\\\\&quot;\">1963 y\u0131l\u0131nda ba\u015flat\u0131lan ve iki y\u0131l s\u00fcren \u00e7al\u0131\u015famalar sonucunda vak\u0131f t\u00fcz\u00fc\u011f\u00fc haz\u0131rlanm\u0131\u015f ve bu t\u00fcz\u00fck , \u0130stanbul 3. Asliye Hukuk Mahkemesi\u2019nin 22 Nisan 1965 tarih ve 965\/290 numaral\u0131 kararla onaylanm\u0131\u015ft\u0131r.<\/p>\n<p class=\"\\\\&quot;western\\\\&quot;\">B\u00f6ylece , \u00d6\u011fretmenler Vakf\u0131\u2019n\u0131n kurulu\u015f tarihi 22 Nisan 1965 olarak kabul edilmi\u015ftir.<\/p>\n<p class=\"\\\\&quot;western\\\\&quot;\">2) \u00d6\u011fretmenler Vakf\u0131\u2019n\u0131n onay evresi m\u00fcteveffa Av. Garbis ERSAN (YERGANYAN)\u2019\u0131n gayretleri neticesinde tamamlanm\u0131\u015f olup, y\u00f6netim kurulu , t\u00fcz\u00fck gere\u011fi sekizi \u00f6\u011fretmen k\u00f6kenli, yedisi ise serbest \u00e7al\u0131\u015fan toplam 15 \u00fcyeden olu\u015fmu\u015ftur.<\/p>\n<p class=\"\\\\&quot;western\\\\&quot;\">Buna g\u00f6re birinci y\u00f6netim kurulu \u00fcyeleri ;<\/p>\n<p class=\"\\\\&quot;western\\\\&quot;\">\u00d6\u011fretmen K\u00f6kenli \u00dcyeler<\/p>\n<p class=\"\\\\&quot;western\\\\&quot;\">I.Ba\u015fkan : Hermine KALUSTYAN<\/p>\n<p class=\"\\\\&quot;western\\\\&quot;\">II.Ba\u015fkan : Dr.\u015eahnur \u015eAH\u0130NER<\/p>\n<p class=\"\\\\&quot;western\\\\&quot;\">II.Sekreter : Hagop SIVASLIYAN<\/p>\n<p class=\"\\\\&quot;western\\\\&quot;\">\u00dcye : Ar\u015faluys SARK\u0130SYAN<\/p>\n<p class=\"\\\\&quot;western\\\\&quot;\">\u00dcye : Jozef MAKSUDO\u011eLU<\/p>\n<p class=\"\\\\&quot;western\\\\&quot;\">\u00dcye : Vahe SAAT\u00c7IYAN<\/p>\n<p class=\"\\\\&quot;western\\\\&quot;\">\u00dcye : Ara GARM\u0130RYAN<\/p>\n<p class=\"\\\\&quot;western\\\\&quot;\">\u00dcye : Hovhannes FI\u00c7ICIYAN<\/p>\n<p class=\"\\\\&quot;western\\\\&quot;\">Serbest Meslek K\u00f6kenli \u00dcyeler<\/p>\n<p class=\"\\\\&quot;western\\\\&quot;\">I.Sekreter : Sarkis K\u00dcRK\u00c7\u00dcYAN<\/p>\n<p class=\"\\\\&quot;western\\\\&quot;\">Veznedar : Hayk \u00c7\u0130L\u0130NG\u0130RYAN<\/p>\n<p class=\"\\\\&quot;western\\\\&quot;\">\u00dcye : H\u0131rant PAPAZYAN<\/p>\n<p class=\"\\\\&quot;western\\\\&quot;\">\u00dcye : Kevork KARAMANUK<\/p>\n<p class=\"\\\\&quot;western\\\\&quot;\">\u00dcye : Diran \u015eEN<\/p>\n<p class=\"\\\\&quot;western\\\\&quot;\">\u00dcye : Vahe ANTRESYAN<\/p>\n<p class=\"\\\\&quot;western\\\\&quot;\">\u00dcye : Tatul AL\u0130KSANYAN<\/p>\n<p class=\"\\\\&quot;western\\\\&quot;\"><strong>\u00d6\u011fretmenler Vakf\u0131\u2019n\u0131n Kurulu\u015f Nedeni :<\/strong><\/p>\n<p class=\"\\\\&quot;western\\\\&quot;\">Do\u011fal olarak \u00d6\u011fretmenler Derne\u011fi geni\u015f \u00e7apl\u0131 maddi olanaklara sahip de\u011fildir. T\u00fcz\u00fc\u011f\u00fc gere\u011fi gayrimenkullerle ilgili vasiyetleri kabul edemez ve sahip olmaz. Ancak bir vak\u0131f bu t\u00fcr haklara sahip olabilir ve bu sayede a\u015fa\u011f\u0131da s\u0131ralanan ama\u00e7lara y\u00f6nelik faaliyetlerde bulunabilir.<\/p>\n<p class=\"\\\\&quot;western\\\\&quot;\">a) E\u011fitim Ama\u00e7l\u0131 Faaliyetler<\/p>\n<ul>\n<li>\n<p class=\"\\\\&quot;western\\\\&quot;\">Ba\u015far\u0131l\u0131 \u00f6\u011frencilere burs vermek,<\/p>\n<\/li>\n<li>\n<p class=\"\\\\&quot;western\\\\&quot;\">\u00d6\u011fretmenlerin e\u011fitim seviyesini daha da y\u00fckseltmek ama\u00e7\u0131yle seminerler tertiplemek,<\/p>\n<\/li>\n<li>\n<p class=\"\\\\&quot;western\\\\&quot;\">\u0130lk\u00f6\u011fretim veya lise \u00f6\u011fretmeni olacak ki\u015filere imkanlar\u0131m\u0131z nisbetinde ve e\u011fitimleri s\u00fcresince maddi destek sa\u011flamak.<\/p>\n<\/li>\n<\/ul>\n<p class=\"\\\\&quot;western\\\\&quot;\">b) Yay\u0131n Ama\u00e7l\u0131 Faaliyetler<\/p>\n<ul>\n<li>\n<p class=\"\\\\&quot;western\\\\&quot;\">Okullar\u0131m\u0131z i\u00e7in yararl\u0131 kitaplar yay\u0131nlamak ve yeni ders kitaplar\u0131 haz\u0131rlamak ,<\/p>\n<\/li>\n<li>\n<p class=\"\\\\&quot;western\\\\&quot;\">\u00c7ocuk dergisi yay\u0131nlamak,<\/p>\n<\/li>\n<li>\n<p class=\"\\\\&quot;western\\\\&quot;\">Ermeni edebiyat\u0131yla ilgili yay\u0131nlar yapmak.<\/p>\n<\/li>\n<\/ul>\n<p class=\"\\\\&quot;western\\\\&quot;\">Bu yay\u0131nlardan biri de 17 y\u0131ldan beri bir grup fedakar \u00f6\u011fretmenin gayretleriyle haz\u0131rlanan ayl\u0131k \u00e7ocuk dergisi JB\u0130D\u2019dir. Y\u0131ll\u0131k 8 say\u0131 ve 1.350 bask\u0131 adediyle 14 \u00fclkeye g\u00f6nderilmekte olan bu derginin yan\u0131 s\u0131ra , kuruldu\u011fu tarihten itibaren yay\u0131nlanan masa takvimi de muhtelif \u00fclkelere g\u00f6nderilmektedir.<\/p>\n<p class=\"\\\\&quot;western\\\\&quot;\">c) Sosyal Ama\u00e7l\u0131 Faaliyetler<\/p>\n<ul>\n<li>\n<p class=\"\\\\&quot;western\\\\&quot;\">Maddi durumlar\u0131 iyi olmayan \u00f6\u011fretmenlere yard\u0131m etmek,<\/p>\n<\/li>\n<li>\n<p class=\"\\\\&quot;western\\\\&quot;\">\u00d6\u011fretmenlerin sa\u011fl\u0131k sorunlar\u0131n\u0131n \u00e7\u00f6z\u00fcm\u00fcnde maddi ve manevi destek olmak,<\/p>\n<\/li>\n<li>\n<p class=\"\\\\&quot;western\\\\&quot;\">\u00d6\u011fretmenlere yaz tatili i\u00e7in imkanlar yaratmak<\/p>\n<\/li>\n<\/ul>\n<p class=\"\\\\&quot;western\\\\&quot;\"><strong>Vakf\u0131n Gelir Kaynaklar\u0131<\/strong><\/p>\n<p class=\"\\\\&quot;western\\\\&quot;\">Vak\u0131fa yap\u0131lan maddi ba\u011f\u0131\u015flar, hay\u0131rseverlerce kurulan e\u011fitim fonlar\u0131n\u0131n y\u0131ll\u0131k faiz gelirleri ve yine hay\u0131rseverlerce ba\u011f\u0131\u015flanan gayrimenkullerden elde edilen kira gelirleri, yukar\u0131da belirtilen faaliyetlerin ger\u00e7ekle\u015fmesi i\u00e7in vak\u0131f b\u00fct\u00e7esinde yer alan gelir kalemleridir.<\/p>\n<p class=\"\\\\&quot;western\\\\&quot;\">\u00d6\u011fretmenler Vakf\u0131, kurulu\u015fundan bug\u00fcne kadar hay\u0131rseverler taraf\u0131ndan ba\u011f\u0131\u015flanm\u0131\u015f toplam 38 adet gayrimenkule sahip olup, \u00e7\u0131plak m\u00fclkiyet olarak ba\u011f\u0131\u015flanan onyedisi d\u0131\u015f\u0131ndaki 21 adet gayrimenkul\u00fc kiraya vermektedir<\/p>\n<p class=\"\\\\&quot;western\\\\&quot;\">Vakf\u0131m\u0131z halen sahibi bulundu\u011fu, Pangalt\u0131 \u2013 Zafer Sokak No:11 \u2013 13 de bulunan 2 numaral\u0131 dairede faaliyet g\u00f6stermektedir, vak\u0131f k\u00fct\u00fcphanesi (Yakla\u015f\u0131k 5000 kitapl\u0131 Hagop Aprahamyan K\u00fct\u00fcphanesi) de ayn\u0131 adreste bulunmaktad\u0131r.<\/p>\n<p class=\"\\\\&quot;western\\\\&quot;\">Bu arada Vakf\u0131n sahibi oldu\u011fu Boyac\u0131k\u00f6y s\u0131rtlar\u0131nda yakla\u015f\u0131k 5000 m2\u2019lik arsan\u0131n \u00be\u2019l\u00fck k\u0131sm\u0131n\u0131n izale-i \u015fuyu yoluyla sat\u0131\u015f\u0131 i\u00e7in giri\u015fimlere ba\u015flan\u0131lm\u0131\u015ft\u0131r.<\/p>\n<p class=\"\\\\&quot;western\\\\&quot;\">\u00d6\u011fretmenler Vakf\u0131n\u0131n gerek kurulu\u015fu, gerekse onu takip eden uzun y\u0131llar boyunca \u00e7al\u0131\u015fmalar\u0131yla geli\u015fmesinde yararl\u0131 olan Dr. \u015eahnur \u015eAH\u0130NER\u2019i minnetle anar\u0131z.<\/p>\n<p class=\"\\\\&quot;western\\\\&quot;\"><strong>Dr. \u015eAHNUR \u015eAHEN (\u015eAH\u0130NER)<\/strong><\/p>\n<p class=\"\\\\&quot;western\\\\&quot;\"><strong>( 1915 &#8211; 2005 ) <\/strong><\/p>\n<p class=\"\\\\&quot;western\\\\&quot;\">\u00d6\u011fretmenler Vakf\u0131\u2019n\u0131n kurucu \u00fcyelerinden ve \u00e7al\u0131\u015fmalariyle otuz y\u0131l boyunca vakf\u0131n adeta itici g\u00fcc\u00fc olan Dr. \u015eahnur \u015eahiner , babas\u0131n\u0131n doktor y\u00fczba\u015f\u0131 r\u00fctbesiyle askerli\u011fini yapt\u0131\u011f\u0131 Sapanca\u2019da 1915 y\u0131l\u0131nda do\u011fmu\u015ftur. 1920 y\u0131l\u0131nda \u0130stanbul\u2019a yerle\u015ferek, e\u011fitim hayat\u0131na Ortak\u00f6y S.Tarkmancadz okulunda ba\u015flam\u0131\u015f ve St.Jean Baptiste Frans\u0131z okulundaki bir y\u0131ll\u0131k e\u011fitimin ard\u0131ndan , 1936 y\u0131l\u0131nda birincilikle mezun oldu\u011fu Pangalt\u0131 M\u0131hitaryan Lisesi\u2019ne kaydolmu\u015ftur.Daha sonra \u0130stanbul \u00dcniversitesi T\u0131p Fak\u00fcltesi\u2019ne kay\u0131t yapt\u0131rarak , y\u00fcksek \u00f6\u011frenimini s\u00fcrd\u00fcrm\u00fc\u015f ve 1945 y\u0131l\u0131nda t\u0131p doktoru olarak mezun olmu\u015ftur.<\/p>\n<p class=\"\\\\&quot;western\\\\&quot;\">\u00dcniversitede \u00f6\u011frenim g\u00f6rd\u00fc\u011f\u00fc y\u0131llarda Pangalt\u0131 M\u0131hitaryan Lisesi\u2019nin ilkokul b\u00f6l\u00fcm\u00fcnde \u00f6\u011fretmenli\u011fe ba\u015flam\u0131\u015f , ileriki y\u0131llarda ise doktorlu\u011funun yan\u0131s\u0131ra Getronagan ve Esayan Liselerinde de \u00f6\u011fretmenlik mesle\u011fini icra etmi\u015ftir. Halen ilk\u00f6\u011fretim okullar\u0131m\u0131zda okutulmakta olan \u201cDilbilgisi ve \u0130mla 1-2\u201d adl\u0131 ders kitaplar\u0131n\u0131n yazar\u0131 olan Dr. \u015eahiner\u2019in ayr\u0131ca \u201c\u0130mla Kurallar\u0131\u201d ve \u201cBebe\u011fin Ad\u0131\u201d ba\u015fl\u0131kl\u0131 eserleri de bulunmaktad\u0131r. 38 y\u0131l M\u0131hitaryan, 28 y\u0131l Getronagan, ve 18 y\u0131l Esayan\u2019da s\u00fcrd\u00fcrd\u00fc\u011f\u00fc \u00f6\u011fretmenli\u011finin yan\u0131s\u0131ra, Ferik\u00f6y (1964) ve Beyo\u011flu (1970) kiliseleri y\u00f6netim kurullar\u0131nda \u00e7al\u0131\u015fm\u0131\u015f, Surp P\u0131rgi\u00e7 Ermeni Hastanesi m\u00fctevelli heyetinde (1963) ise, 2. ba\u015fkan olarak g\u00f6rev yapm\u0131\u015ft\u0131r. Ayr\u0131ca , m\u00fctevefa Patrik \u015e\u0131nork Kalustyan\u2019\u0131n 1982 y\u0131l\u0131ndaki davetiyle patrikhane dan\u0131\u015fma kuruluna kat\u0131lm\u0131\u015ft\u0131r.<\/p>\n<p class=\"\\\\&quot;western\\\\&quot;\">1961 y\u0131l\u0131nda yeni kurulan \u00d6\u011fretmenler Derne\u011fi\u2019nin genel kurulunda y\u00f6netim kurulu \u00fcyeli\u011fine se\u00e7ilip , veznedar s\u0131fatiyle g\u00f6rev alm\u0131\u015f , iki y\u0131l sonra da 1963 y\u0131l\u0131nda dernek ba\u015fkan\u0131 se\u00e7ilmi\u015ftir. Ba\u015fkanl\u0131k etti\u011fi y\u00f6netim kurulu \u201c\u00d6\u011fretmenler Vakf\u0131\u201dn\u0131n kurulmas\u0131na karar vermi\u015f , \u00f6zverili \u00e7al\u0131\u015fmalar sonucunda haz\u0131rlanan vak\u0131f y\u00f6netmenli\u011fi 1965 y\u0131l\u0131nda Asliye Hukuk Mahkemesi taraf\u0131ndan onaylanarak vakf\u0131n kurulu\u015fu ger\u00e7ekle\u015fmi\u015ftir.Bu tarihten sonra otuz y\u0131l boyunca bazan y\u00f6netim kurulu \u00fcyesi, bazen kurul ba\u015fkan\u0131 (1981-1995) s\u0131fatiyle , doktorluk mesle\u011fini ihmal ederek, \u00f6zveriyle kendisini vakf\u0131n hizmetine adam\u0131\u015ft\u0131r. Yeni \u00f6\u011fretmen yeti\u015ftirme g\u00f6revini \u00fcstlenmek, yeni ders kitaplar\u0131n\u0131 vak\u0131f matbaas\u0131nda bast\u0131rmak, ba\u011f\u0131\u015f toplama giri\u015fimi , masa takvimi haz\u0131rlama i\u015fi \u00fcstlendi\u011fi g\u00f6revlerden sadece birka\u00e7\u0131d\u0131r.Vak\u0131f alehine a\u00e7\u0131lan davalar s\u0131ras\u0131nda t\u00fcm \u00e7al\u0131\u015fma arkada\u015flar\u0131na g\u00fc\u00e7 ve enerji a\u015f\u0131layarak , sab\u0131rla m\u00fccadele etmeyi telkin etmi\u015ftir.<\/p>\n<p class=\"\\\\&quot;western\\\\&quot;\">Ancak ne yaz\u0131k ki, Fizik ve Astronomi \u00f6\u011fretmeni olan e\u015fi Armenuhi \u015eahiner\u2019i (Resiyan) 1994 y\u0131l\u0131nda kaybettikten sonra her\u015fey bir anda de\u011fi\u015fti ve 1995 y\u0131l\u0131nda Amerika Birle\u015fik Devletleri\u2019ne giderek evlatlariyle birlikte ya\u015famaya karar verdi. Fakat, oradaki ya\u015fam tarz\u0131na ayak uyduramayarak ve \u0130stanbul\u2019a geri d\u00f6nd\u00fc.<\/p>\n<p class=\"\\\\&quot;western\\\\&quot;\">\u00d6rnek ya\u015fam tarz\u0131 , e\u011fitim alan\u0131ndaki faaliyetleri , hayati \u00f6nem ta\u015f\u0131yan davaya kendini adamas\u0131 ve m\u00fccadeleci ruhuyla ad\u0131n\u0131 duyuran, yeri doldurulamaz insan Dr. \u015eahnur \u015eahiner , hayat\u0131n\u0131n son y\u0131llar\u0131n\u0131 Surp P\u0131rgi\u00e7 Ermeni Hastanesi\u2019nin Kazanciyan Huzurevi\u2019nde) ge\u00e7irmi\u015f ve 25 Eyl\u00fcl 2000 tarihinde vefat etmi\u015ftir.<\/p>\n","protected":false},"excerpt":{"rendered":"<p>YARDIMLA\u015eMA VAKFI TAR\u0130H\u00c7ES\u0130 &nbsp; 1) \u00d6\u011fretmenler Vakf\u0131, T\u00fcrk Ermeni Az\u0131nl\u0131k Okullar\u0131 \u00d6\u011fretmenleri Yard\u0131mla\u015fma Derne\u011fi\u2019nin a\u015fa\u011f\u0131da isimleri yaz\u0131l\u0131 1963 \u2013 65 ikinci d\u00f6nem y\u00f6netim kurulu \u00fcyelerinin gayretleriyle kurulmu\u015ftur. I.Ba\u015fkan : Dr&#8230;.<\/p>\n","protected":false},"author":1,"featured_media":0,"parent":0,"menu_order":0,"comment_status":"closed","ping_status":"closed","template":"","meta":{"_price":"","_stock":"","_tribe_ticket_header":"","_tribe_default_ticket_provider":"","_tribe_ticket_capacity":"0","_ticket_start_date":"","_ticket_end_date":"","_tribe_ticket_show_description":"","_tribe_ticket_show_not_going":false,"_tribe_ticket_use_global_stock":"","_tribe_ticket_global_stock_level":"","_global_stock_mode":"","_global_stock_cap":"","_tribe_rsvp_for_event":"","_tribe_ticket_going_count":"","_tribe_ticket_not_going_count":"","_tribe_tickets_list":"[]","_tribe_ticket_has_attendee_info_fields":false,"_EventAllDay":false,"_EventTimezone":"","_EventStartDate":"","_EventEndDate":"","_EventStartDateUTC":"","_EventEndDateUTC":"","_EventShowMap":false,"_EventShowMapLink":false,"_EventURL":"","_EventCost":"","_EventCostDescription":"","_EventCurrencySymbol":"","_EventCurrencyCode":"","_EventCurrencyPosition":"","_EventDateTimeSeparator":"","_EventTimeRangeSeparator":"","_EventOrganizerID":[],"_EventVenueID":[],"_OrganizerEmail":"","_OrganizerPhone":"","_OrganizerWebsite":"","_VenueAddress":"","_VenueCity":"","_VenueCountry":"","_VenueProvince":"","_VenueState":"","_VenueZip":"","_VenuePhone":"","_VenueURL":"","_VenueStateProvince":"","_VenueLat":"","_VenueLng":"","_VenueShowMap":false,"_VenueShowMapLink":false,"_kadence_starter_templates_imported_post":false,"_kad_post_transparent":"default","_kad_post_title":"default","_kad_post_layout":"default","_kad_post_sidebar_id":"","_kad_post_content_style":"default","_kad_post_vertical_padding":"default","_kad_post_feature":"","_kad_post_feature_position":"","_kad_post_header":false,"_kad_post_footer":false,"_kad_post_classname":"","footnotes":"","_tec_slr_enabled":"","_tec_slr_layout":""},"class_list":["post-119","page","type-page","status-publish","hentry"],"ticketed":false,"_links":{"self":[{"href":"http:\/\/www.teaov.org\/ncw\/wp-json\/wp\/v2\/pages\/119","targetHints":{"allow":["GET"]}}],"collection":[{"href":"http:\/\/www.teaov.org\/ncw\/wp-json\/wp\/v2\/pages"}],"about":[{"href":"http:\/\/www.teaov.org\/ncw\/wp-json\/wp\/v2\/types\/page"}],"author":[{"embeddable":true,"href":"http:\/\/www.teaov.org\/ncw\/wp-json\/wp\/v2\/users\/1"}],"replies":[{"embeddable":true,"href":"http:\/\/www.teaov.org\/ncw\/wp-json\/wp\/v2\/comments?post=119"}],"version-history":[{"count":6,"href":"http:\/\/www.teaov.org\/ncw\/wp-json\/wp\/v2\/pages\/119\/revisions"}],"predecessor-version":[{"id":499,"href":"http:\/\/www.teaov.org\/ncw\/wp-json\/wp\/v2\/pages\/119\/revisions\/499"}],"wp:attachment":[{"href":"http:\/\/www.teaov.org\/ncw\/wp-json\/wp\/v2\/media?parent=119"}],"curies":[{"name":"wp","href":"https:\/\/api.w.org\/{rel}","templated":true}]}}